{"id":7003,"date":"2023-01-18T09:13:48","date_gmt":"2023-01-18T06:13:48","guid":{"rendered":"https:\/\/soojuspumbad24.ee\/toode\/panasonic-hz25xke-h\/"},"modified":"2025-04-27T16:18:25","modified_gmt":"2025-04-27T16:18:25","slug":"panasonic-hz25xke-h","status":"publish","type":"product","link":"https:\/\/www.soojuspumbad24.ee\/ru\/tooted\/panasonic-hz25xke-h\/","title":{"rendered":"Panasonic HZ25XKE-H"},"content":{"rendered":"<p>Panasonic HZ25XKE on praegusel ajal \u00fcks energiat\u00f5husamaid \u00f5hksoojuspumpasid P\u00f5hjamaade turul. Saate s\u00e4\u00e4sta raha, asendades vana soojuspumba v\u00f5i k\u00fcttes\u00fcsteemi Panasonicu soojuspumba HZ25WKE mudeli vastu. Lisaks v\u00f5ite nautida t\u00f5husat k\u00fctet ilma m\u00fcrata, sest soojuspumba m\u00fcratase on ainult 18 dB.<\/p>\n<ul>\n<li style=\"list-style-type: none;\">\n<ul class=\"_highlights\">\n<li>Lisak\u00fctteks kuni 130 m\u00b2<\/li>\n<li>P\u00f5hik\u00fctteks kuni 70 m\u00b2<\/li>\n<li>SCOP kuni 5.69<\/li>\n<li>SEER 8.7<\/li>\n<li>A+++<\/li>\n<li>WiFi<\/li>\n<li>Sisseehitatud traadita kohtv\u00f5rk<\/li>\n<li>Nanoe-x \u00f5hupuhastuss\u00fcsteem<\/li>\n<li>Uudse disainiga<\/li>\n<li>Suurem k\u00fcttev\u00f5imsus<\/li>\n<li>K\u00fclmaine R32<\/li>\n<li>Garantii kuni 5 aastat<\/li>\n<\/ul>\n<\/li>\n<\/ul>\n<p><b style=\"font-style: inherit;\">K\u00dcTTEV\u00d5IMSUS:<\/b><span style=\"font-size: 16px;\">\u00a07.5 kW, kuni 120 m\u00b2<\/span><\/p>\n<div>\n<table width=\"497\">\n<tbody>\n<tr>\n<td width=\"287\">Siseosa SKU<\/td>\n<td width=\"211\">CS-HZ25XKE<\/td>\n<\/tr>\n<tr>\n<td width=\"287\">V\u00e4lisosa SKU<\/td>\n<td width=\"211\">CU-HZ25XKE<\/td>\n<\/tr>\n<tr>\n<td width=\"287\"><strong>K\u00fcte<\/strong><\/td>\n<td width=\"211\"><\/td>\n<\/tr>\n<tr>\n<td width=\"287\">K\u00fcttev\u00f5imsus<\/td>\n<td width=\"211\">3.2 (0.85 &#8212; 7.5) kW<\/td>\n<\/tr>\n<tr>\n<td width=\"287\">K\u00fcttere\u017eiimi voolutarve<\/td>\n<td width=\"211\">0.57 (0.17 &#8212; 2.16) kW<\/td>\n<\/tr>\n<tr>\n<td width=\"287\">COP<\/td>\n<td width=\"211\">5.61<\/td>\n<\/tr>\n<tr>\n<td width=\"287\">SCOP<\/td>\n<td width=\"211\">5.69<\/td>\n<\/tr>\n<tr>\n<td width=\"287\">Energiaklass (k\u00fctmisel)<\/td>\n<td width=\"211\">A+++<\/td>\n<\/tr>\n<tr>\n<td width=\"287\">V\u00e4lis\u00f5hu min.temp k\u00fcttere\u017eiimil<\/td>\n<td width=\"211\">-35 \u00b0C<\/td>\n<\/tr>\n<tr>\n<td width=\"287\">Lisak\u00fctteala kuni<\/td>\n<td width=\"211\">110 m\u00b2<\/td>\n<\/tr>\n<tr>\n<td width=\"287\">K\u00f6etav pind kuni<\/td>\n<td width=\"211\">70 m\u00b2<\/td>\n<\/tr>\n<tr>\n<td width=\"287\"><strong>Jahutus<\/strong><\/td>\n<td width=\"211\"><\/td>\n<\/tr>\n<tr>\n<td width=\"287\">Jahutusv\u00f5imsus<\/td>\n<td width=\"211\">2.5 (0.85 &#8212; 3) kW<\/td>\n<\/tr>\n<tr>\n<td width=\"287\">Jahutusre\u017eiimi voolutarve<\/td>\n<td width=\"211\">0.46 (0.17 &#8212; 0.67) kW<\/td>\n<\/tr>\n<tr>\n<td width=\"287\">SEER<\/td>\n<td width=\"211\">8.7<\/td>\n<\/tr>\n<tr>\n<td width=\"287\">Energiaklass (jahutusel)<\/td>\n<td width=\"211\">\u00a0A+++<\/td>\n<\/tr>\n<tr>\n<td width=\"287\"><strong>M\u00f5\u00f5dud <\/strong><\/td>\n<td width=\"211\"><\/td>\n<\/tr>\n<tr>\n<td width=\"287\">M\u00f5\u00f5dud (siseosa)<\/td>\n<td width=\"211\">295 x 870 x 229 mm<\/td>\n<\/tr>\n<tr>\n<td width=\"287\">M\u00f5\u00f5dud (v\u00e4lisosa)<\/td>\n<td width=\"211\">622 x 824 x 299 mm<\/td>\n<\/tr>\n<tr>\n<td width=\"287\">M\u00fcratase (siseosa)<\/td>\n<td width=\"211\">18 &#8212; 45 dB(A)<\/td>\n<\/tr>\n<tr>\n<td width=\"287\">Kaal (siseosa)<\/td>\n<td width=\"211\">10 kg<\/td>\n<\/tr>\n<tr>\n<td width=\"287\">Integreeritud WiFi<\/td>\n<td width=\"211\">Jah<\/td>\n<\/tr>\n<\/tbody>\n<\/table>\n<p><img loading=\"lazy\" decoding=\"async\" class=\"alignnone size-full wp-image-3943\" style=\"font-style: inherit; font-weight: inherit;\" src=\"https:\/\/soojuspumbad24.ee\/wp-content\/uploads\/2021\/09\/pdf.png\" alt=\"\" width=\"32\" height=\"32\" \/> <a style=\"font-size: 16px; background-color: #ffffff;\" href=\"https:\/\/soojuspumbad24.ee\/wp-content\/uploads\/2023\/01\/Panasonic-HZ-2022.pdf\">Tooteinfo<\/a><\/p>\n<\/div>\n","protected":false},"excerpt":{"rendered":"<div>\n<p style=\"margin: 0cm;\">Lisak\u00fctteks kuni 130 m\u00b2<br \/>\nP\u00f5hik\u00fctteks kuni 70 m\u00b2<br \/>\nSCOP kuni 5.69<\/p>\n<\/div>\n<div><strong><span style=\"color: #000080;\">Montonio j\u00e4relmaks: \u00fcks taotlus \u2013 mitu pakkumist! Alates 29 \u20ac \/ kuus<\/span><\/strong><\/div>\n","protected":false},"featured_media":7005,"template":"","meta":[],"product_brand":[],"product_cat":[111],"product_tag":[],"class_list":{"0":"post-7003","1":"product","2":"type-product","3":"status-publish","4":"has-post-thumbnail","6":"product_cat-panasonic-ru","8":"first","9":"instock","10":"shipping-taxable","11":"purchasable","12":"product-type-simple"},"_links":{"self":[{"href":"https:\/\/www.soojuspumbad24.ee\/ru\/wp-json\/wp\/v2\/product\/7003","targetHints":{"allow":["GET"]}}],"collection":[{"href":"https:\/\/www.soojuspumbad24.ee\/ru\/wp-json\/wp\/v2\/product"}],"about":[{"href":"https:\/\/www.soojuspumbad24.ee\/ru\/wp-json\/wp\/v2\/types\/product"}],"wp:featuredmedia":[{"embeddable":true,"href":"https:\/\/www.soojuspumbad24.ee\/ru\/wp-json\/wp\/v2\/media\/7005"}],"wp:attachment":[{"href":"https:\/\/www.soojuspumbad24.ee\/ru\/wp-json\/wp\/v2\/media?parent=7003"}],"wp:term":[{"taxonomy":"product_brand","embeddable":true,"href":"https:\/\/www.soojuspumbad24.ee\/ru\/wp-json\/wp\/v2\/product_brand?post=7003"},{"taxonomy":"product_cat","embeddable":true,"href":"https:\/\/www.soojuspumbad24.ee\/ru\/wp-json\/wp\/v2\/product_cat?post=7003"},{"taxonomy":"product_tag","embeddable":true,"href":"https:\/\/www.soojuspumbad24.ee\/ru\/wp-json\/wp\/v2\/product_tag?post=7003"}],"curies":[{"name":"wp","href":"https:\/\/api.w.org\/{rel}","templated":true}]}}