{"id":6810,"date":"2021-10-04T09:08:47","date_gmt":"2021-10-04T06:08:47","guid":{"rendered":"https:\/\/soojuspumbad24.ee\/toode\/mitsubichi-electric-ln35-r32-wifi\/"},"modified":"2024-11-25T16:55:30","modified_gmt":"2024-11-25T16:55:30","slug":"mitsubichi-electric-ln35-r32-wifi","status":"publish","type":"product","link":"https:\/\/www.soojuspumbad24.ee\/ru\/tooted\/mitsubichi-electric-ln35-r32-wifi\/","title":{"rendered":"Mitsubishi Electric -LN35, R32, Wifi, \u0447\u0435\u0440\u043d\u044b\u0439"},"content":{"rendered":"<p>\u041a\u043e\u043c\u043f\u0430\u043d\u0438\u044f Mitsubishi Electric \u0432\u044b\u043f\u0443\u0441\u0442\u0438\u043b\u0430 \u043d\u043e\u0432\u044b\u0439 \u0432\u044b\u0441\u043e\u043a\u043e\u044d\u0444\u0444\u0435\u043a\u0442\u0438\u0432\u043d\u044b\u0439 \u0442\u0435\u043f\u043b\u043e\u0432\u043e\u0439 \u043d\u0430\u0441\u043e\u0441 \u0441 \u0432\u043e\u0437\u0434\u0443\u0448\u043d\u044b\u043c \u0438\u0441\u0442\u043e\u0447\u043d\u0438\u043a\u043e\u043c \u0442\u0435\u043f\u043b\u0430 \u0441\u0435\u0440\u0438\u0438 Kirigamine Style (MSZ-LN) \u0441 \u0432\u0435\u043b\u0438\u043a\u043e\u043b\u0435\u043f\u043d\u044b\u043c \u0434\u0438\u0437\u0430\u0439\u043d\u043e\u043c. Kirigamine Style \u044f\u0432\u043b\u044f\u0435\u0442\u0441\u044f \u043f\u0440\u0435\u0435\u043c\u043d\u0438\u043a\u043e\u043c \u043e\u0447\u0435\u043d\u044c \u043f\u043e\u043f\u0443\u043b\u044f\u0440\u043d\u043e\u0439 \u0442\u043e\u043f\u043e\u0432\u043e\u0439 \u043c\u043e\u0434\u0435\u043b\u0438 Kirigamine (MSZ-FH). \u041d\u043e\u0432\u044b\u0439 \u0442\u0435\u043f\u043b\u043e\u0432\u043e\u0439 \u043d\u0430\u0441\u043e\u0441 \u0441 \u0438\u0441\u0442\u043e\u0447\u043d\u0438\u043a\u043e\u043c \u0432\u043e\u0437\u0434\u0443\u0445\u0430 \u0438\u043c\u0435\u0435\u0442 \u043f\u043e\u043b\u043d\u043e\u0441\u0442\u044c\u044e \u043f\u0435\u0440\u0435\u0440\u0430\u0431\u043e\u0442\u0430\u043d\u043d\u044b\u0439 \u0432\u043d\u0443\u0442\u0440\u0435\u043d\u043d\u0438\u0439 \u043c\u043e\u0434\u0443\u043b\u044c, \u043a\u043e\u0442\u043e\u0440\u044b\u0439 \u0432\u043f\u0438\u0448\u0435\u0442\u0441\u044f \u0434\u0430\u0436\u0435 \u0432 \u0441\u0430\u043c\u044b\u0439 \u0441\u0442\u0438\u043b\u044c\u043d\u044b\u0439 \u0438\u043d\u0442\u0435\u0440\u044c\u0435\u0440.<\/p>\n<p>\u041c\u043e\u0449\u043d\u043e\u0441\u0442\u044c \u043d\u0430\u0433\u0440\u0435\u0432\u0430: 4,0 (1,0 &#8212; 6,6) \u043a\u0412\u0442<br \/>\n\u041c\u043e\u0449\u043d\u043e\u0441\u0442\u044c \u043e\u0445\u043b\u0430\u0436\u0434\u0435\u043d\u0438\u044f: 3,5 (0,8 &#8212; 4,0) \u043a\u0412\u0442<br \/>\n\u041f\u043e\u0442\u0440\u0435\u0431\u043b\u044f\u0435\u043c\u0430\u044f \u043c\u043e\u0449\u043d\u043e\u0441\u0442\u044c: 0,80 \u043a\u0412\u0442<\/p>\n<p><strong>\u041e\u0441\u043d\u043e\u0432\u043d\u044b\u0435 \u0445\u0430\u0440\u0430\u043a\u0442\u0435\u0440\u0438\u0441\u0442\u0438\u043a\u0438 \u0442\u0435\u043f\u043b\u043e\u0432\u043e\u0433\u043e \u043d\u0430\u0441\u043e\u0441\u0430 MSZ-LN:<\/strong><\/p>\n<p>\u0412\u044b\u0441\u043e\u043a\u0430\u044f \u044d\u043d\u0435\u0440\u0433\u043e\u044d\u0444\u0444\u0435\u043a\u0442\u0438\u0432\u043d\u043e\u0441\u0442\u044c &#8212; SCOP 5.2 (MSZ-LN35).<br \/>\n\u041a\u043b\u0430\u0441\u0441 \u044d\u043d\u0435\u0440\u0433\u043e\u043f\u043e\u0442\u0440\u0435\u0431\u043b\u0435\u043d\u0438\u044f \u0434\u043b\u044f \u043e\u0442\u043e\u043f\u043b\u0435\u043d\u0438\u044f A+++<br \/>\n\u041a\u043b\u0430\u0441\u0441 \u044d\u043d\u0435\u0440\u0433\u043e\u043f\u043e\u0442\u0440\u0435\u0431\u043b\u0435\u043d\u0438\u044f \u0434\u043b\u044f \u043e\u0445\u043b\u0430\u0436\u0434\u0435\u043d\u0438\u044f A+++.<br \/>\nA++++ \u042d\u0444\u0444\u0435\u043a\u0442\u0438\u0432\u043d\u044b\u0439 \u0438 \u044d\u043a\u043e\u043b\u043e\u0433\u0438\u0447\u0435\u0441\u043a\u0438 \u0447\u0438\u0441\u0442\u044b\u0439 \u0445\u043b\u0430\u0434\u0430\u0433\u0435\u043d\u0442 R32<br \/>\n\u042d\u0444\u0444\u0435\u043a\u0442\u0438\u0432\u043d\u0430\u044f \u0438 \u044d\u043d\u0435\u0440\u0433\u043e\u044d\u0444\u0444\u0435\u043a\u0442\u0438\u0432\u043d\u0430\u044f \u042d\u0444\u0444\u0435\u043a\u0442\u0438\u0432\u043d\u0430\u044f \u0438 \u044d\u043d\u0435\u0440\u0433\u043e\u0441\u0431\u0435\u0440\u0435\u0433\u0430\u044e\u0449\u0430\u044f \u042d\u0444\u0444\u0435\u043a\u0442\u0438\u0432\u043d\u0430\u044f \u0441\u0438\u0441\u0442\u0435\u043c\u0430 \u043e\u0442\u043e\u043f\u043b\u0435\u043d\u0438\u044f \u0438 \u043e\u0445\u043b\u0430\u0436\u0434\u0435\u043d\u0438\u044f<br \/>\n\u0427\u0440\u0435\u0437\u0432\u044b\u0447\u0430\u0439\u043d\u043e \u0442\u0438\u0445\u0430\u044f, \u0441 \u0443\u0440\u043e\u0432\u043d\u0435\u043c \u0448\u0443\u043c\u0430 \u0432\u043d\u0443\u0442\u0440\u0435\u043d\u043d\u0435\u0433\u043e \u043c\u043e\u0434\u0443\u043b\u044f \u0432\u0441\u0435\u0433\u043e 19 \u0434\u0411(\u0410)<br \/>\n\u0422\u0435\u0445\u043d\u043e\u043b\u043e\u0433\u0438\u044f Hyper Heating \u043e\u0431\u0435\u0441\u043f\u0435\u0447\u0438\u0432\u0430\u0435\u0442 \u044d\u0444\u0444\u0435\u043a\u0442\u0438\u0432\u043d\u044b\u0439 \u043e\u0431\u043e\u0433\u0440\u0435\u0432 \u043f\u0440\u0438 \u0442\u0435\u043c\u043f\u0435\u0440\u0430\u0442\u0443\u0440\u0435 \u043d\u0430\u0440\u0443\u0436\u043d\u043e\u0433\u043e \u0432\u043e\u0437\u0434\u0443\u0445\u0430 \u0434\u043e -25 \u00b0C<br \/>\n\u0420\u0430\u0432\u043d\u043e\u043c\u0435\u0440\u043d\u0430\u044f \u043c\u043e\u0449\u043d\u043e\u0441\u0442\u044c \u043e\u0431\u043e\u0433\u0440\u0435\u0432\u0430 \u043f\u0440\u0438 \u043d\u0430\u0440\u0443\u0436\u043d\u043e\u0439 \u0442\u0435\u043c\u043f\u0435\u0440\u0430\u0442\u0443\u0440\u0435 \u0434\u043e -15 \u00b0C<br \/>\n\u0414\u0432\u0443\u0445\u043a\u043e\u043c\u043f\u043e\u043d\u0435\u043d\u0442\u043d\u044b\u0439 \u0432\u043e\u0437\u0434\u0443\u0445\u043e\u0440\u0430\u0441\u043f\u0440\u0435\u0434\u0435\u043b\u0438\u0442\u0435\u043b\u044c \u043e\u0431\u0435\u0441\u043f\u0435\u0447\u0438\u0432\u0430\u0435\u0442 \u0431\u043e\u043b\u0435\u0435 \u0440\u0430\u0432\u043d\u043e\u043c\u0435\u0440\u043d\u043e\u0435 \u0440\u0430\u0441\u043f\u0440\u0435\u0434\u0435\u043b\u0435\u043d\u0438\u0435 \u0442\u0435\u043f\u043b\u0430 \u0432 \u043f\u043e\u043c\u0435\u0449\u0435\u043d\u0438\u0438<br \/>\n\u042d\u043a\u043e\u043d\u043e\u043c\u0438\u0447\u043d\u044b\u0439 \u0440\u0435\u0436\u0438\u043c \u043e\u0431\u043e\u0433\u0440\u0435\u0432\u0430, \u043d\u0430\u0447\u0438\u043d\u0430\u044f \u0441 +10 \u00b0C, \u0440\u0435\u0433\u0443\u043b\u0438\u0440\u0443\u0435\u043c\u044b\u0439 \u0441 \u0448\u0430\u0433\u043e\u043c \u0432 \u043e\u0434\u0438\u043d \u0433\u0440\u0430\u0434\u0443\u0441 \u0434\u043e +31 \u00b0C<br \/>\n\u0414\u0430\u0442\u0447\u0438\u043a \u043e\u0431\u043d\u0430\u0440\u0443\u0436\u0435\u043d\u0438\u044f \u0447\u0435\u043b\u043e\u0432\u0435\u043a\u0430 (3D I-see Sensor)<br \/>\n\u041d\u0435\u0434\u0435\u043b\u044c\u043d\u044b\u0439 \u0442\u0430\u0439\u043c\u0435\u0440<br \/>\n\u0412\u0441\u0442\u0440\u043e\u0435\u043d\u043d\u0430\u044f \u0441\u0438\u0441\u0442\u0435\u043c\u0430 Wi-Fi \u0438 \u0438\u043d\u0442\u0435\u0440\u043d\u0435\u0442-\u043f\u0440\u0438\u043b\u043e\u0436\u0435\u043d\u0438\u0435 MELCloud.<br \/>\n\u0421\u0438\u0441\u0442\u0435\u043c\u0430 \u0444\u0438\u043b\u044c\u0442\u0440\u0430\u0446\u0438\u0438 Plasma Quad<br \/>\n\u0420\u0435\u0436\u0438\u043c \u0432\u0435\u043d\u0442\u0438\u043b\u044f\u0442\u043e\u0440\u0430<\/p>\n<h2>Tehnilised andmed<\/h2>\n<div class=\"table-responsive\">\n<table>\n<tbody>\n<tr>\n<td width=\"166\"><strong>Siseo<\/strong><strong>a<\/strong><strong>\u00a0V\u00e4lisoa<\/strong><\/td>\n<td width=\"80\"><\/td>\n<td width=\"132\"><strong>MSZ-LN25VG<\/strong><\/p>\n<p><strong>MUZ<\/strong><strong>\u2013<\/strong><strong>LN25V<\/strong><strong>GHZ<\/strong><\/td>\n<td width=\"123\"><strong>MSZ-LN35VG<\/strong><strong>\u00a0MUZ-LN35VGHZ<\/strong><\/td>\n<td width=\"132\"><strong>MSZ-LN50VG<\/strong><strong>\u00a0MUZ-LN50VGHZ<\/strong><\/td>\n<\/tr>\n<tr>\n<td width=\"166\">K\u00fcttev\u00f5imsus (kW)<\/p>\n<p>P\u00fcsiv k\u00fcttev\u00f5imsus kuni -15\u00b0C* (kW)<\/td>\n<td width=\"80\">Nom. (Min-Max)<\/td>\n<td width=\"132\">3,2 (1,0 \u2013 6,3) 3,2<\/td>\n<td width=\"123\">4,0 (1,0 \u2013 6,6) 4,0<\/td>\n<td width=\"132\">6,0 (1,7 \u2013 8,7) 6,0<\/td>\n<\/tr>\n<tr>\n<td width=\"166\">Jahutusv\u00f5imsus (kW)<\/td>\n<td width=\"80\">Nom. (Min-Max)<\/td>\n<td width=\"132\">2,5 (0,8 \u2013 3,5)<\/td>\n<td width=\"123\">3,5 (0,8 \u2013 4,0)<\/td>\n<td width=\"132\">5,0 (1,4 \u2013 5,8)<\/td>\n<\/tr>\n<tr>\n<td width=\"166\">SCOP, k\u00fclm kliima<\/td>\n<td width=\"80\"><\/td>\n<td width=\"132\">A\u00a0<sup>+<\/sup>\/4,0<\/td>\n<td width=\"123\">A\u00a0<sup>+\u00a0<\/sup>\/4,0<\/td>\n<td width=\"132\">A \/3,4<\/td>\n<\/tr>\n<tr>\n<td width=\"166\">SCOP**<\/td>\n<td width=\"80\"><\/td>\n<td width=\"132\">A\u00a0<sup>+++\u00a0<\/sup>\/5,2<\/td>\n<td width=\"123\">A\u00a0<sup>+++\u00a0<\/sup>\/5,1<\/td>\n<td width=\"132\">A\u00a0<sup>++\u00a0<\/sup>\/4,6<\/td>\n<\/tr>\n<tr>\n<td width=\"166\">SEER<\/td>\n<td width=\"80\"><\/td>\n<td width=\"132\">A+++ \/ 10,5<\/td>\n<td width=\"123\">A+++ \/ 9,4<\/td>\n<td width=\"132\">A++ \/ A++<\/td>\n<\/tr>\n<tr>\n<td width=\"166\">\u00d5huhulk k\u00fctmisel (m3\/min)<\/td>\n<td width=\"80\">V\u00e4ike \u2013 Suur<\/td>\n<td width=\"132\">4,0 \u2013 5,7 \u2013 7,1 \u2013 8,5 \u2013 14,4<\/td>\n<td width=\"123\">4,3 \u2013 5,7 \u2013 7,1 \u2013 85 \u2013 1372<\/td>\n<td width=\"132\">5,4 \u2013 6,4 \u2013 8.5 \u2013 10,7 \u2013 15,7<\/td>\n<\/tr>\n<tr>\n<td width=\"166\">M\u00fcratase \u2013 siseosa (dB(A))<\/td>\n<td width=\"80\">Madal \u2013 K\u00f5rge<\/td>\n<td width=\"132\">19 \u2013 24 \u2013 29 \u2013 36 \u2013 45<\/td>\n<td width=\"123\">19 \u2013 24 \u2013 29 \u2013 36 \u2013 45<\/td>\n<td width=\"132\">25 \u2013 29 \u2013 34 \u2013 39 \u2013 47<\/td>\n<\/tr>\n<tr>\n<td width=\"166\">M\u00fcrtase \u2013 v\u00e4lisosa (dB(A))<\/td>\n<td width=\"80\">K\u00fctmisel<\/td>\n<td width=\"132\">58<\/td>\n<td width=\"123\">58<\/td>\n<td width=\"132\">60<\/td>\n<\/tr>\n<tr>\n<td colspan=\"5\" width=\"633\"><strong>P<\/strong><strong>aigaldusi<\/strong><strong>nfo<\/strong><\/td>\n<\/tr>\n<tr>\n<td width=\"166\">Kaal \u2013 siseosa (kg)<\/td>\n<td width=\"80\"><\/td>\n<td width=\"132\">15,5<\/td>\n<td width=\"123\">13,5<\/td>\n<td width=\"132\">15,5<\/td>\n<\/tr>\n<tr>\n<td width=\"166\">Kaal \u2013 v\u00e4lisosa (kg)<\/td>\n<td width=\"80\"><\/td>\n<td width=\"132\">35<\/td>\n<td width=\"123\">36<\/td>\n<td width=\"132\">55<\/td>\n<\/tr>\n<tr>\n<td width=\"166\">M\u00f5\u00f5tmed \u2013 siseosa (mm)<\/td>\n<td width=\"80\">L x K x S<\/td>\n<td width=\"132\">890 x 307(+34) x 233<\/td>\n<td width=\"123\">890 x 307(+34) x 233<\/td>\n<td width=\"132\">890 x 307(+34) x 233<\/td>\n<\/tr>\n<tr>\n<td width=\"166\">M\u00f5\u00f5tmed \u2013 v\u00e4lisosa (mm)<\/td>\n<td width=\"80\">L x K x S<\/td>\n<td width=\"132\">800 x 550 x 285<\/td>\n<td width=\"123\">800 x 550 x 285<\/td>\n<td width=\"132\">880 x 840 x 330<\/td>\n<\/tr>\n<tr>\n<td width=\"166\">Toitepinge<\/td>\n<td width=\"80\"><\/td>\n<td width=\"132\">230V, 50Hz<\/td>\n<td width=\"123\">230V, 50Hz<\/td>\n<td width=\"132\">230V, 50Hz<\/td>\n<\/tr>\n<tr>\n<td width=\"166\">Elektrikaitse (A)<\/td>\n<td width=\"80\"><\/td>\n<td width=\"132\">10<\/td>\n<td width=\"123\">13<\/td>\n<td width=\"132\">16<\/td>\n<\/tr>\n<tr>\n<td width=\"166\">Toru\u00fchendused (mm)<\/td>\n<td width=\"80\">Vedelik Gaas<\/td>\n<td width=\"132\">1\/4\u201d (6,35 mm) 3\/8\u201d (9,52 mm)<\/td>\n<td width=\"123\">1\/4\u201d (6,35 mm) 3\/8\u201d (9,52 mm)<\/td>\n<td width=\"132\">1\/4\u2019\u2019 (6,35 mm) 3\/8\u2019\u2019 (9,52 mm)<\/td>\n<\/tr>\n<tr>\n<td width=\"166\">Max torustiku pikkus (m)<\/td>\n<td width=\"80\"><\/td>\n<td width=\"132\">20<\/td>\n<td width=\"123\">20<\/td>\n<td width=\"132\">30<\/td>\n<\/tr>\n<tr>\n<td width=\"166\">Max torustiku k\u00f5rguste vahe (m)<\/td>\n<td width=\"80\"><\/td>\n<td width=\"132\">12<\/td>\n<td width=\"123\">12<\/td>\n<td width=\"132\">15<\/td>\n<\/tr>\n<\/tbody>\n<\/table>\n<\/div>\n<p>*\u0413\u0430\u0440\u0430\u043d\u0442\u0438\u0440\u043e\u0432\u0430\u043d\u043d\u043e\u0435 \u043e\u0442\u043e\u043f\u043b\u0435\u043d\u0438\u0435 \u043f\u0440\u0438 \u0442\u0435\u043c\u043f\u0435\u0440\u0430\u0442\u0443\u0440\u0435 \u043d\u0430\u0440\u0443\u0436\u043d\u043e\u0433\u043e \u0432\u043e\u0437\u0434\u0443\u0445\u0430 \u0434\u043e -25 \u02daC.<\/p>\n<p>**SCOP &#8212; \u0441\u0435\u0437\u043e\u043d\u043d\u044b\u0439 \u043a\u043e\u044d\u0444\u0444\u0438\u0446\u0438\u0435\u043d\u0442 \u043f\u043e\u043b\u0435\u0437\u043d\u043e\u0433\u043e \u0434\u0435\u0439\u0441\u0442\u0432\u0438\u044f. \u041f\u043e\u043a\u0430\u0437\u0430\u0442\u0435\u043b\u044c \u044d\u0444\u0444\u0435\u043a\u0442\u0438\u0432\u043d\u043e\u0441\u0442\u0438, \u0445\u0430\u0440\u0430\u043a\u0442\u0435\u0440\u0438\u0437\u0443\u044e\u0449\u0438\u0439 \u0440\u0430\u0431\u043e\u0442\u0443 \u0442\u0435\u043f\u043b\u043e\u0432\u043e\u0433\u043e \u043d\u0430\u0441\u043e\u0441\u0430 \u0432 \u0442\u0435\u0447\u0435\u043d\u0438\u0435 \u0432\u0441\u0435\u0433\u043e \u043e\u0442\u043e\u043f\u0438\u0442\u0435\u043b\u044c\u043d\u043e\u0433\u043e \u0441\u0435\u0437\u043e\u043d\u0430 (\u043e\u0434\u043d\u043e\u0433\u043e \u043a\u0430\u043b\u0435\u043d\u0434\u0430\u0440\u043d\u043e\u0433\u043e \u0433\u043e\u0434\u0430).<\/p>\n<div><img decoding=\"async\" src=\"https:\/\/soojuspumbad24.ee\/wp-content\/uploads\/2021\/09\/pdf.png\" \/><a href=\"https:\/\/soojuspumbad24.ee\/wp-content\/uploads\/2021\/10\/MSZ-LN_broshyyr_2018.pdf\"> Toote tutvustus<\/a><\/div>\n<p><img loading=\"lazy\" decoding=\"async\" class=\"alignnone size-full wp-image-3943\" src=\"https:\/\/soojuspumbad24.ee\/wp-content\/uploads\/2021\/09\/pdf.png\" alt=\"\" width=\"32\" height=\"32\" \/>\u00a0<a href=\"https:\/\/soojuspumbad24.ee\/wp-content\/uploads\/2021\/10\/MSZ_LN_kasutusjuhend_ME.pdf\">Kasutusjuhend<\/a><\/p>\n","protected":false},"excerpt":{"rendered":"<p style=\"margin: 0cm;\">\u0414\u043b\u044f \u0434\u043e\u043f\u043e\u043b\u043d\u0438\u0442\u0435\u043b\u044c\u043d\u043e\u0433\u043e \u043e\u0442\u043e\u043f\u043b\u0435\u043d\u0438\u044f \u0434\u043e 120 \u043c\u00b2<br \/>\n\u0414\u043b\u044f \u0446\u0435\u043d\u0442\u0440\u0430\u043b\u044c\u043d\u043e\u0433\u043e \u043e\u0442\u043e\u043f\u043b\u0435\u043d\u0438\u044f \u0434\u043e 70 \u043c\u00b2<br \/>\nSCOP 5.1<\/p>\n<p><span style=\"color: #000080;\"><strong>Montonio \u0440\u0430\u0441\u0441\u0440\u043e\u0447\u043a\u0430: \u043e\u0434\u043d\u0430 \u0437\u0430\u044f\u0432\u043a\u0430 \u2013 \u043d\u0435\u0441\u043a\u043e\u043b\u044c\u043a\u043e \u043f\u0440\u0435\u0434\u043b\u043e\u0436\u0435\u043d\u0438\u0439! S 33 \u20ac \/ \u043c\u0435\u0441\u044f\u0446<\/strong><\/span><\/p>\n","protected":false},"featured_media":6798,"template":"","meta":[],"product_brand":[],"product_cat":[96,95],"product_tag":[],"class_list":{"0":"post-6810","1":"product","2":"type-product","3":"status-publish","4":"has-post-thumbnail","6":"product_cat-mitsubishi-electric-ru","7":"product_cat-vozdushnyye-teplovyye-nasosy-ru","9":"first","10":"instock","11":"sale","12":"shipping-taxable","13":"purchasable","14":"product-type-simple"},"_links":{"self":[{"href":"https:\/\/www.soojuspumbad24.ee\/ru\/wp-json\/wp\/v2\/product\/6810","targetHints":{"allow":["GET"]}}],"collection":[{"href":"https:\/\/www.soojuspumbad24.ee\/ru\/wp-json\/wp\/v2\/product"}],"about":[{"href":"https:\/\/www.soojuspumbad24.ee\/ru\/wp-json\/wp\/v2\/types\/product"}],"wp:featuredmedia":[{"embeddable":true,"href":"https:\/\/www.soojuspumbad24.ee\/ru\/wp-json\/wp\/v2\/media\/6798"}],"wp:attachment":[{"href":"https:\/\/www.soojuspumbad24.ee\/ru\/wp-json\/wp\/v2\/media?parent=6810"}],"wp:term":[{"taxonomy":"product_brand","embeddable":true,"href":"https:\/\/www.soojuspumbad24.ee\/ru\/wp-json\/wp\/v2\/product_brand?post=6810"},{"taxonomy":"product_cat","embeddable":true,"href":"https:\/\/www.soojuspumbad24.ee\/ru\/wp-json\/wp\/v2\/product_cat?post=6810"},{"taxonomy":"product_tag","embeddable":true,"href":"https:\/\/www.soojuspumbad24.ee\/ru\/wp-json\/wp\/v2\/product_tag?post=6810"}],"curies":[{"name":"wp","href":"https:\/\/api.w.org\/{rel}","templated":true}]}}