{"id":6753,"date":"2021-09-29T11:16:09","date_gmt":"2021-09-29T08:16:09","guid":{"rendered":"https:\/\/soojuspumbad24.ee\/toode\/gree\/"},"modified":"2026-04-14T21:55:04","modified_gmt":"2026-04-14T18:55:04","slug":"gree","status":"publish","type":"product","link":"https:\/\/www.soojuspumbad24.ee\/ru\/tooted\/gree\/","title":{"rendered":"GREE AMBER NORDIC-09 R32, WIFI, INVERTER"},"content":{"rendered":"<div>\n<p>Gree Amber 09\u00a0\u00f5hksoojuspump toob eluruumidesse hubast soojust olles samal ajal nii kompaktne kui ka mugav kasutaja jaoks. Gree Amber on ehitatud uuendusliku k\u00fcttes\u00fcsteemiga, mis suudab saavutada soovitud temperatuuri k\u00fctmisel kiiremini, kui vanemad pumbad. Timer s\u00fcsteem loob v\u00f5imaluse reguleerida programmide t\u00f6\u00f6aega vastavalt Teie elustiilile.<\/p>\n<\/div>\n<div>\n<p>Sooja ja jaheda \u00f5hu saab suunata neljas erinevas suunas, mis aitab ruumil kiiremini \u00fcles soojeneda ning jahutusprogrammis puhul saab suunata \u00f5hu lae alla ilma, et see otse ruumis viibijatele peale puhuks.<\/p>\n<\/div>\n<p>K\u00fcttev\u00f5imsus: 3,5(0,7\u20135,5) kW<br \/>\nJahutusv\u00f5imsus: 2,7(0,7\u20135,0) kW<br \/>\nTarbimisv\u00f5imsus: 0,75 (0,13-2.4) kW<br \/>\nT\u00f6\u00f6temperatuur: -30 &#8230; 54 \u00b0C<\/p>\n<p>GREE AMBER-seeria on uue p\u00f5lvkonna \u00f5hksoojuspump, mis on loodud p\u00f5hjamaade karmidesse oludesse:<\/p>\n<p>suur k\u00fcttev\u00f5imsus madalatel temperatuuridel;<br \/>\nenergiaklass A+++;<br \/>\nsesoonne soojustegur (SCOP) 5,1;<br \/>\nkeskkonnas\u00f5bralik k\u00fclmaaine R32;<br \/>\nv\u00e4lis\u00f5hu temperatuurivahemik k\u00fctmisel \u201330 kuni +24\u00b0C;<br \/>\nv\u00e4lis\u00f5hu temperatuurivahemik jahutamisel \u201320 kuni +54\u00b0C;<br \/>\nsiseosal supervaikne re\u017eiim, 18 dB;<br \/>\nseadet saab juhtida iOS-i ja Androidi nutiseadmega;<br \/>\n+8\u00b0C hoidmise funktsioon;<br \/>\n4D-\u00f5husuunamine puldist;<br \/>\nenergias\u00e4\u00e4sture\u017eiim;<br \/>\nunere\u017eiimid;<br \/>\ncold plasma filter;<br \/>\nintelligentne sulatus.<\/p>\n<p>Seadmetele on tehases paigaldatud Nordic talvevarustust, mis tagab t\u00f6\u00f6kindluse p\u00f5hjamaade kliimas nii k\u00fctmisel kui jahutamisel.<\/p>\n<p><strong>Tehnilised andmed<\/strong><\/p>\n<div class=\"table-responsive\">\n<table width=\"538\">\n<tbody>\n<tr>\n<td colspan=\"3\"><strong>V\u00e4lisosa<\/strong><\/td>\n<td><strong>GWH09YD-S6BA2A\/I<\/strong><\/td>\n<\/tr>\n<tr>\n<td colspan=\"3\"><strong>Siseosa<\/strong><\/td>\n<td><strong>GWH09YD-S6BA2A\/O<\/strong><\/td>\n<\/tr>\n<tr>\n<td rowspan=\"2\">V\u00f5imsus<\/p>\n<p>Nom. (min. \u2013 max.)<\/td>\n<td>Jahutus<\/td>\n<td>kW<\/td>\n<td>2.7(0,7\u20135,0)<\/td>\n<\/tr>\n<tr>\n<td>K\u00fctmine<\/td>\n<td>kW<\/td>\n<td>3.5(0,7\u20135,5)<\/td>\n<\/tr>\n<tr>\n<td rowspan=\"2\">Tarbimisv\u00f5imsus<\/p>\n<p>Nom. (min. \u2013 max.)<\/td>\n<td>Jahutus<\/td>\n<td>kW<\/td>\n<td>0,55 (0,075-1,8)<\/td>\n<\/tr>\n<tr>\n<td>K\u00fctmine<\/td>\n<td>kW<\/td>\n<td>0,75 (0,13-2.4)<\/td>\n<\/tr>\n<tr>\n<td rowspan=\"2\">Voolutugevus<\/td>\n<td>Jahutus<\/td>\n<td>A<\/td>\n<td>3,52<\/td>\n<\/tr>\n<tr>\n<td>K\u00fctmine<\/td>\n<td>A<\/td>\n<td>4,63<\/td>\n<\/tr>\n<tr>\n<td colspan=\"2\">SEER \/ SCOP<\/td>\n<td>W\/W<\/td>\n<td>8,5\/5,1<\/td>\n<\/tr>\n<tr>\n<td colspan=\"2\">Energiaklass<\/td>\n<td><\/td>\n<td>A+++\/A+++<\/td>\n<\/tr>\n<tr>\n<td colspan=\"2\">Toide<\/td>\n<td>V-Ph-Hz<\/td>\n<td>220-1-50 \/ V\u00e4lisosa<\/td>\n<\/tr>\n<tr>\n<td colspan=\"2\">Voolikaitse<\/td>\n<td>A<\/td>\n<td>16<\/td>\n<\/tr>\n<tr>\n<td>\u00d5huvool (max. \/ min.)<\/td>\n<td>Siseosa<\/td>\n<td>m\u00b3\/h<\/td>\n<td>450\/500\/560\/620\/670\/720\/800<\/td>\n<\/tr>\n<tr>\n<td rowspan=\"2\">M\u00fcratase (max. \/ min.)<\/td>\n<td>Siseosa<\/td>\n<td>dB(A)<\/td>\n<td>18-43<\/td>\n<\/tr>\n<tr>\n<td>V\u00e4lisosa<\/td>\n<td>dB(A)<\/td>\n<td>53<\/td>\n<\/tr>\n<tr>\n<td rowspan=\"2\">Gabariidid (HxWxD)<\/td>\n<td>Siseosa<\/td>\n<td>mm<\/td>\n<td>301x996x225<\/td>\n<\/tr>\n<tr>\n<td>V\u00e4lisosa<\/td>\n<td>mm<\/td>\n<td>596x899x378<\/td>\n<\/tr>\n<tr>\n<td rowspan=\"2\">Kaal<\/td>\n<td>Siseosa<\/td>\n<td>kg<\/td>\n<td>13<\/td>\n<\/tr>\n<tr>\n<td>V\u00e4lisosa<\/td>\n<td>kg<\/td>\n<td>45,5<\/td>\n<\/tr>\n<tr>\n<td rowspan=\"2\">\u00dchendustorud<\/td>\n<td>K\u00fclmaine<\/td>\n<td>inch<\/td>\n<td>3\/8\u2033<\/td>\n<\/tr>\n<tr>\n<td>Gaas<\/td>\n<td>inch<\/td>\n<td>1\/4\u2033<\/td>\n<\/tr>\n<tr>\n<td colspan=\"2\">Min.\u00a0 \u00fchendustorude pikkus<\/td>\n<td>m<\/td>\n<td>5<\/td>\n<\/tr>\n<tr>\n<td colspan=\"2\">Max. \u00fchendustorude pikkus<\/td>\n<td>m<\/td>\n<td>15<\/td>\n<\/tr>\n<tr>\n<td colspan=\"2\">Max. k\u00f5rguste vahe<\/td>\n<td>m<\/td>\n<td>10<\/td>\n<\/tr>\n<tr>\n<td rowspan=\"3\">T\u00f6\u00f6piirkond, (min. \/max.)<\/p>\n<p>&nbsp;<\/td>\n<td>Jahutus<\/td>\n<td>\u2070C<\/td>\n<td>-18~54<\/td>\n<\/tr>\n<tr>\n<td>K\u00fctmine<\/td>\n<td>\u2070C<\/td>\n<td>-30~24<\/td>\n<\/tr>\n<tr>\n<td>Siseosa<\/td>\n<td>\u2070C<\/td>\n<td>16~30<\/td>\n<\/tr>\n<tr>\n<td colspan=\"2\">Kompressori t\u00fc\u00fcp<\/td>\n<td><\/td>\n<td>Rotary 2-stage<\/td>\n<\/tr>\n<tr>\n<td colspan=\"2\">K\u00fclmaine<\/td>\n<td><\/td>\n<td>R32<\/td>\n<\/tr>\n<tr>\n<td colspan=\"2\">Lisa k\u00fclmaine kulu \u00fchendustorudes<\/p>\n<p>\u00fcle 5m<\/td>\n<td>g\/m<\/td>\n<td>16<\/td>\n<\/tr>\n<tr>\n<td colspan=\"2\">\u00dchenduskaabel\u00a0 (siseosa-v\u00e4lisosa)<\/td>\n<td>\u00d8mm\u00b2<\/td>\n<td>4\u00d71,5<\/td>\n<\/tr>\n<tr>\n<td colspan=\"2\">Toitejuhe<\/td>\n<td>\u00d8mm\u00b2<\/td>\n<td>3\u00d71,5<\/td>\n<\/tr>\n<\/tbody>\n<\/table>\n<\/div>\n<div><img decoding=\"async\" src=\"https:\/\/soojuspumbad24.ee\/wp-content\/uploads\/2021\/09\/pdf.png\" \/><a href=\"https:\/\/soojuspumbad24.ee\/wp-content\/uploads\/2021\/10\/AMBER-Nordic_tootetudvustus_EST-1.pdf\"> Toote tutvustus<\/a><\/div>\n<p><img loading=\"lazy\" decoding=\"async\" class=\"alignnone size-full wp-image-3943\" src=\"https:\/\/soojuspumbad24.ee\/wp-content\/uploads\/2021\/09\/pdf.png\" alt=\"\" width=\"32\" height=\"32\" \/>\u00a0<a href=\"https:\/\/soojuspumbad24.ee\/wp-content\/uploads\/2021\/10\/Amber-kasutusjuhend-EST-3-1.pdf\">Kasutusjuhend<\/a><\/p>\n<div><\/div>\n","protected":false},"excerpt":{"rendered":"<div><\/div>\n<div>\n<p style=\"margin: 0cm\">Lisak\u00fctteks kuni 55 m\u00b2<\/p>\n<p style=\"margin: 0cm\">P\u00f5hik\u00fctteks kuni 35 m\u00b2<\/p>\n<p style=\"margin: 0cm\">SCOP 5.1<\/p>\n<p><span style=\"color: #000080\"><strong>Montonio j\u00e4relmaks: \u00fcks taotlus \u2013 mitu pakkumist! Alates 17 \u20ac \/ kuus<\/strong><\/span><\/p>\n<\/div>\n","protected":false},"featured_media":6712,"template":"","meta":[],"product_brand":[],"product_cat":[109,95],"product_tag":[],"class_list":{"0":"post-6753","1":"product","2":"type-product","3":"status-publish","4":"has-post-thumbnail","6":"product_cat-gree-ru","7":"product_cat-vozdushnyye-teplovyye-nasosy-ru","9":"first","10":"instock","11":"sale","12":"shipping-taxable","13":"purchasable","14":"product-type-simple"},"_links":{"self":[{"href":"https:\/\/www.soojuspumbad24.ee\/ru\/wp-json\/wp\/v2\/product\/6753","targetHints":{"allow":["GET"]}}],"collection":[{"href":"https:\/\/www.soojuspumbad24.ee\/ru\/wp-json\/wp\/v2\/product"}],"about":[{"href":"https:\/\/www.soojuspumbad24.ee\/ru\/wp-json\/wp\/v2\/types\/product"}],"wp:featuredmedia":[{"embeddable":true,"href":"https:\/\/www.soojuspumbad24.ee\/ru\/wp-json\/wp\/v2\/media\/6712"}],"wp:attachment":[{"href":"https:\/\/www.soojuspumbad24.ee\/ru\/wp-json\/wp\/v2\/media?parent=6753"}],"wp:term":[{"taxonomy":"product_brand","embeddable":true,"href":"https:\/\/www.soojuspumbad24.ee\/ru\/wp-json\/wp\/v2\/product_brand?post=6753"},{"taxonomy":"product_cat","embeddable":true,"href":"https:\/\/www.soojuspumbad24.ee\/ru\/wp-json\/wp\/v2\/product_cat?post=6753"},{"taxonomy":"product_tag","embeddable":true,"href":"https:\/\/www.soojuspumbad24.ee\/ru\/wp-json\/wp\/v2\/product_tag?post=6753"}],"curies":[{"name":"wp","href":"https:\/\/api.w.org\/{rel}","templated":true}]}}