{"id":6381,"date":"2017-12-21T09:00:47","date_gmt":"2017-12-21T06:00:47","guid":{"rendered":"https:\/\/soojuspumbad24.ee\/kontakt\/"},"modified":"2025-03-07T16:46:10","modified_gmt":"2025-03-07T16:46:10","slug":"kontakt","status":"publish","type":"page","link":"https:\/\/www.soojuspumbad24.ee\/ru\/kontakt\/","title":{"rendered":"K\u00fcsi pakkumist"},"content":{"rendered":"<h1>KONTAKT<\/h1>\n<p>\u00a0<\/p>\n<p><strong>Soojuspumbad24 O\u00dc<\/strong> on spetsialiseerunud kaasaegsete soojuspumpade m\u00fc\u00fcgile, paigaldamisele ja hooldusele. Pakume laia valikut energiat\u00f5husaid lahendusi, mis sobivad nii eramajadele kui ka \u00e4ripindadele. Meie kogenud spetsialistid aitavad leida teie vajadustele ja eelarvele sobivaima k\u00fcttev\u00f5imaluse, tagades k\u00f5rge kvaliteedi ja pikaajalise t\u00f6\u00f6kindluse.<\/p>\n<p>Meie eesm\u00e4rgiks on pakkuda oma klientidele professionaalset teenindust. Oma klientidesse suhtume austusega, peame kinni t\u00e4htaegadest ja kvaliteedin\u00f5uetest ning t\u00f6\u00f6tame alati parima lahenduse nimel.<\/p>\n<p>Meie kaubavalikust leiate tippbr\u00e4nde nagu Mitsubishi, Thosiba, Gree ja Cooper&amp;Hunter jne.<\/p>\n<p>\u00a0Kirjeldage meile oma soove v\u00f5i j\u00e4tke oma kontaktandmed. V\u00f5tame teiega \u00fchendust esimesel v\u00f5imalusel!<\/p>\n<h3>K\u00fcsimused, kommentaarid?<\/h3>\n<p>Email: info@soojuspumbad24.ee<\/p>\n<p>\ud83c\uddea\ud83c\uddea \ud83c\uddf7\ud83c\uddfa +372 56747900<\/p>\n<p>Asukoht: \u00dcle-Eesti<\/p>\n<h4>Kontakt<\/h4>\n<h3>\ud83c\uddea\ud83c\uddea \ud83c\uddf7\ud83c\uddfa +372 56747900<\/h3>\n<div class=\"wpforms-container \" id=\"wpforms-3366\"><form id=\"wpforms-form-3366\" class=\"wpforms-validate wpforms-form\" data-formid=\"3366\" method=\"post\" enctype=\"multipart\/form-data\" action=\"\/ru\/wp-json\/wp\/v2\/pages\/6381\" data-token=\"8a1098e4779cf2d6f62987a40c5fcd4d\" data-token-time=\"1776236871\"><noscript class=\"wpforms-error-noscript\">\u0414\u043b\u044f \u0437\u0430\u043f\u043e\u043b\u043d\u0435\u043d\u0438\u044f \u0434\u0430\u043d\u043d\u043e\u0439 \u0444\u043e\u0440\u043c\u044b \u0432\u043a\u043b\u044e\u0447\u0438\u0442\u0435 JavaScript \u0432 \u0431\u0440\u0430\u0443\u0437\u0435\u0440\u0435.<\/noscript><div class=\"wpforms-field-container\"><div id=\"wpforms-3366-field_0-container\" class=\"wpforms-field wpforms-field-name\" data-field-id=\"0\"><label class=\"wpforms-field-label wpforms-label-hide\" for=\"wpforms-3366-field_0\">NIMI <span class=\"wpforms-required-label\">*<\/span><\/label><input type=\"text\" id=\"wpforms-3366-field_0\" class=\"wpforms-field-large wpforms-field-required\" name=\"wpforms[fields][0]\" placeholder=\"NIMI\" required><\/div><div id=\"wpforms-3366-field_5-container\" class=\"wpforms-field wpforms-field-text\" data-field-id=\"5\"><label class=\"wpforms-field-label wpforms-label-hide\" for=\"wpforms-3366-field_5\">Single Line Text<\/label><input type=\"text\" id=\"wpforms-3366-field_5\" class=\"wpforms-field-large\" name=\"wpforms[fields][5]\" placeholder=\"TELEFONINUMBER\" ><\/div><div id=\"wpforms-3366-field_4-container\" class=\"wpforms-field wpforms-field-email\" data-field-id=\"4\"><label class=\"wpforms-field-label wpforms-label-hide\" for=\"wpforms-3366-field_4\">Email <span class=\"wpforms-required-label\">*<\/span><\/label><input type=\"email\" id=\"wpforms-3366-field_4\" class=\"wpforms-field-large wpforms-field-required\" name=\"wpforms[fields][4]\" placeholder=\"EMAIL\" spellcheck=\"false\" required><\/div><div id=\"wpforms-3366-field_2-container\" class=\"wpforms-field wpforms-field-textarea\" data-field-id=\"2\"><label class=\"wpforms-field-label wpforms-label-hide\" for=\"wpforms-3366-field_2\">Comment or Message <span class=\"wpforms-required-label\">*<\/span><\/label><textarea id=\"wpforms-3366-field_2\" class=\"wpforms-field-large wpforms-field-required\" name=\"wpforms[fields][2]\" placeholder=\"SINU K\u00dcSIMUS\" required><\/textarea><\/div><\/div><!-- .wpforms-field-container --><div class=\"wpforms-field wpforms-field-hp\"><label for=\"wpforms-3366-field-hp\" class=\"wpforms-field-label\">Website<\/label><input type=\"text\" name=\"wpforms[hp]\" id=\"wpforms-3366-field-hp\" class=\"wpforms-field-medium\"><\/div><div class=\"wpforms-submit-container\" ><input type=\"hidden\" name=\"wpforms[id]\" value=\"3366\"><input type=\"hidden\" name=\"page_title\" value=\"\"><input type=\"hidden\" name=\"page_url\" value=\"https:\/\/www.soojuspumbad24.ee\/ru\/wp-json\/wp\/v2\/pages\/6381\"><input type=\"hidden\" name=\"url_referer\" value=\"\"><button type=\"submit\" name=\"wpforms[submit]\" id=\"wpforms-submit-3366\" class=\"wpforms-submit button\" data-alt-text=\"Saadan...\" data-submit-text=\"SAADA \" aria-live=\"assertive\" value=\"wpforms-submit\">SAADA <\/button><\/div><\/form><\/div>  <!-- .wpforms-container -->\n<figure><img loading=\"lazy\" decoding=\"async\" width=\"120\" height=\"120\" src=\"https:\/\/soojuspumbad24.ee\/wp-content\/uploads\/2021\/09\/logo120x120.png\" alt=\"\" \/><\/figure>\n<h5>V\u00e4lisosa paigaldus<\/h5>\n<p>\u00d5hksoojuspump koosneb nii v\u00e4lis- kui ka siseosast. V\u00e4lisosa paigaldatakse maaraamile v\u00f5i vibratsioonikindlale seinaraamile.<\/p>\n<figure><img loading=\"lazy\" decoding=\"async\" width=\"120\" height=\"120\" src=\"https:\/\/soojuspumbad24.ee\/wp-content\/uploads\/2021\/09\/Untitled-design-5.png\" alt=\"\" \/><\/figure>\n<h5>Siseosa paigaldus<\/h5>\n<p>Siseosa paigalduse planeerimisel on oluline m\u00f5elda ruumiplaneeringule, sest \u00f5hk liigub k\u00f5ige paremini avatud ruumis.<\/p>\n<figure><img loading=\"lazy\" decoding=\"async\" width=\"120\" height=\"120\" src=\"https:\/\/soojuspumbad24.ee\/wp-content\/uploads\/2021\/09\/Untitled-design-1-1.png\" alt=\"\" \/><\/figure>\n<h5>Kiire paigaldus<\/h5>\n<p>Paigaldus on lihtne ja v\u00f5tab kogenud tehnikutel harilikult aega vaid m\u00f5ned tunnid.<\/p>\n<figure><img loading=\"lazy\" decoding=\"async\" width=\"120\" height=\"120\" src=\"https:\/\/soojuspumbad24.ee\/wp-content\/uploads\/2021\/09\/Untitled-design-2-1.png\" alt=\"\" \/><\/figure>\n<h5>Soojuspump mugav ja t\u00f5hus.<\/h5>\n<p>Soojuspump on mugav ja t\u00f5hus k\u00fcttelahendus, mis pakub energias\u00e4\u00e4stlikku k\u00fctet ja jahutust, muutes kodu v\u00f5i kontori temperatuuri reguleerimise lihtsaks ja efektiivseks.<\/p>\n<p>\t\t\t\t\t\t\t\t\t\t\t\t\t<img loading=\"lazy\" decoding=\"async\" width=\"1920\" height=\"400\" src=\"https:\/\/soojuspumbad24.ee\/wp-content\/uploads\/2023\/08\/SOOJUSPUMBAD24-1.png\" alt=\"\" srcset=\"https:\/\/soojuspumbad24.ee\/wp-content\/uploads\/2023\/08\/SOOJUSPUMBAD24-1.png 1920w, https:\/\/soojuspumbad24.ee\/wp-content\/uploads\/2023\/08\/SOOJUSPUMBAD24-1-300x63.png 300w, https:\/\/soojuspumbad24.ee\/wp-content\/uploads\/2023\/08\/SOOJUSPUMBAD24-1-600x125.png 600w, https:\/\/soojuspumbad24.ee\/wp-content\/uploads\/2023\/08\/SOOJUSPUMBAD24-1-1024x213.png 1024w, https:\/\/soojuspumbad24.ee\/wp-content\/uploads\/2023\/08\/SOOJUSPUMBAD24-1-768x160.png 768w, https:\/\/soojuspumbad24.ee\/wp-content\/uploads\/2023\/08\/SOOJUSPUMBAD24-1-1536x320.png 1536w\" sizes=\"auto, (max-width: 1920px) 100vw, 1920px\" \/><br \/>\n\t\t\t\t\t<a href=\"https:\/\/soojuspumbad24.ee\/tooted\/\"><br \/>\n\t\t\t\t\t\t\t\t\tTUTVU TOODETEGA<br \/>\n\t\t\t\t\t<\/a><\/p>\n","protected":false},"excerpt":{"rendered":"<p>KONTAKT \u00a0 Soojuspumbad24 O\u00dc on spetsialiseerunud kaasaegsete soojuspumpade m\u00fc\u00fcgile, paigaldamisele ja hooldusele. Pakume laia valikut energiat\u00f5husaid lahendusi, mis sobivad nii eramajadele kui ka \u00e4ripindadele. Meie kogenud spetsialistid aitavad leida teie vajadustele ja eelarvele sobivaima k\u00fcttev\u00f5imaluse, tagades k\u00f5rge kvaliteedi ja pikaajalise t\u00f6\u00f6kindluse. Meie eesm\u00e4rgiks on pakkuda oma klientidele professionaalset teenindust. Oma klientidesse suhtume austusega, peame kinni [&#8230;]\n","protected":false},"author":1,"featured_media":0,"parent":0,"menu_order":0,"comment_status":"closed","ping_status":"closed","template":"","meta":{"footnotes":""},"class_list":["post-6381","page","type-page","status-publish","hentry"],"_links":{"self":[{"href":"https:\/\/www.soojuspumbad24.ee\/ru\/wp-json\/wp\/v2\/pages\/6381","targetHints":{"allow":["GET"]}}],"collection":[{"href":"https:\/\/www.soojuspumbad24.ee\/ru\/wp-json\/wp\/v2\/pages"}],"about":[{"href":"https:\/\/www.soojuspumbad24.ee\/ru\/wp-json\/wp\/v2\/types\/page"}],"author":[{"embeddable":true,"href":"https:\/\/www.soojuspumbad24.ee\/ru\/wp-json\/wp\/v2\/users\/1"}],"replies":[{"embeddable":true,"href":"https:\/\/www.soojuspumbad24.ee\/ru\/wp-json\/wp\/v2\/comments?post=6381"}],"version-history":[{"count":1,"href":"https:\/\/www.soojuspumbad24.ee\/ru\/wp-json\/wp\/v2\/pages\/6381\/revisions"}],"predecessor-version":[{"id":6385,"href":"https:\/\/www.soojuspumbad24.ee\/ru\/wp-json\/wp\/v2\/pages\/6381\/revisions\/6385"}],"wp:attachment":[{"href":"https:\/\/www.soojuspumbad24.ee\/ru\/wp-json\/wp\/v2\/media?parent=6381"}],"curies":[{"name":"wp","href":"https:\/\/api.w.org\/{rel}","templated":true}]}}